{"id":185,"date":"2026-03-05T22:20:50","date_gmt":"2026-03-05T21:20:50","guid":{"rendered":"https:\/\/tac-innovations.com\/?page_id=185"},"modified":"2026-03-06T06:50:33","modified_gmt":"2026-03-06T05:50:33","slug":"homepage-hu_hu","status":"publish","type":"page","link":"https:\/\/tac-innovations.com\/?page_id=185&lang=hu","title":{"rendered":"Homepage HU_HU"},"content":{"rendered":"<p style=\"color: var(--tcb-skin-color-22) !important; --tcb-applied-color: var$(--tcb-skin-color-22) !important;\"><span style=\"background-color: var(--tcb-skin-color-0);\"><b><span lang=\"HU\">Termikus leveg\u0151higi\u00e9niai technol\u00f3gia <\/span><\/b><\/span><span style=\"background-color: var(--tcb-skin-color-0);\"><b><span lang=\"HU\"><\/span><\/b><\/span><span style=\"background-color: var(--tcb-skin-color-0);\"><b><span lang=\"HU\">biztons\u00e1gosabb belt\u00e9rERI K\u00d6RNYEZETEKHEZ.<\/span><\/b><\/span><\/p>\n<h1 style=\"color: var(--tcb-skin-color-2) !important; --tcb-applied-color: var$(--tcb-skin-color-2) !important;\"><strong>Szabadalmazott megold\u00e1s a belt\u00e9ri terekben terjed\u0151 v\u00edrusok termikus inaktiv\u00e1l\u00e1s\u00e1ra<\/strong><\/h1>\n<p><span><img decoding=\"async\" alt=\"\" data-id=\"119\" width=\"403\" data-init-width=\"1320\" height=\"362\" data-init-height=\"1186\" title=\"TAC30-0001\" loading=\"lazy\" src=\"https:\/\/tac-innovations.com\/wp-content\/uploads\/2026\/03\/TAC30-0001.png\" data-width=\"403\" data-height=\"362\" style=\"aspect-ratio: auto 1320 \/ 1186;\" data-tcb-events=\"\"><span style=\"\"><\/span><\/span><\/p>\n<p style=\"color: var(--tcb-skin-color-22) !important; --tcb-applied-color: var$(--tcb-skin-color-22) !important; text-align: center;\"><span style=\"background-color: var(--tcb-skin-color-0);\"><b><span lang=\"HU\"><span lang=\"HU\">Folyamatos \u00fczemre tervezve \u00fczleti \u00e9s int\u00e9zm\u00e9nyi k\u00f6rnyezetre,&nbsp;<\/span><\/span><\/b><\/span><span style=\"background-color: var(--tcb-skin-color-0);\"><b><span lang=\"HU\"><span lang=\"HU\">ahol a leveg\u0151min\u0151s\u00e9g KIEMELTEN FONTOS.<\/span><\/span><\/b><\/span><\/p>\n<h4 style=\"text-align: center; color: var(--tcb-skin-color-27) !important; --tcb-applied-color: var$(--tcb-skin-color-27) !important;\"><strong>TECHNOL\u00d3GIA<\/strong><\/h4>\n<h6 style=\"text-align: center; color: var(--tcb-skin-color-27) !important; --tcb-applied-color: var$(--tcb-skin-color-27) !important;\"><strong>M\u00c1S MEGK\u00d6ZEL\u00cdT\u00c9S A LEVEG\u0150HIGI\u00c9NI\u00c1BAN<\/strong><\/h6>\n<p style=\"color: var(--tcb-skin-color-27) !important; --tcb-applied-color: var$(--tcb-skin-color-27) !important;\">A TAC-30 <strong>szab\u00e1lyozott termikus elj\u00e1r\u00e1st alkalmaz<\/strong> a leveg\u0151ben terjed\u0151 <strong>v\u00edrusok hat\u00e9kony inaktiv\u00e1l\u00e1s\u00e1ra.<\/strong><\/p>\n<p style=\"color: var(--tcb-skin-color-27) !important; --tcb-applied-color: var$(--tcb-skin-color-27) !important;\">Folyamatos leveg\u0151kezel\u00e9st biztos\u00edt <strong>eldobhat\u00f3 sz\u0171r\u0151k \u00e9s egy\u00e9b, rendszeresen cser\u00e9lend\u0151 alkatr\u00e9szek n\u00e9lk\u00fcl.<\/strong><\/p>\n<p style=\"color: var(--tcb-skin-color-27) !important; --tcb-applied-color: var$(--tcb-skin-color-27) !important;\">A TAC-30 a <strong>szabadalmazott termikus leveg\u0151higi\u00e9niai platformunk<\/strong> els\u0151 term\u00e9kmegval\u00f3s\u00edt\u00e1sa.<\/p>\n<h4 style=\"text-align: center; color: var(--tcb-skin-color-27) !important; --tcb-applied-color: var$(--tcb-skin-color-27) !important;\"><strong>FELHASZN\u00c1L\u00c1SI TER\u00dcLETEK<\/strong><\/h4>\n<p><!--! Font Awesome Free 6.7.1 by @fontawesome - https:\/\/fontawesome.com License - https:\/\/fontawesome.com\/license\/free (Icons: CC BY 4.0, Fonts: SIL OFL 1.1, Code: MIT License) Copyright 2024 Fonticons, Inc. --><\/p>\n<h6 style=\"color: var(--tcb-skin-color-27) !important; --tcb-applied-color: var$(--tcb-skin-color-27) !important;\">Eg\u00e9szs\u00e9g\u00fcgy<\/h6>\n<p style=\"color: var(--tcb-skin-color-27) !important; --tcb-applied-color: var$(--tcb-skin-color-27) !important;\">Biztons\u00e1gosabb leveg\u0151 rendel\u0151kben, k\u00f3rtermekben \u00e9s v\u00e1r\u00f3kban.<\/p>\n<p><!--! Font Awesome Free 6.7.1 by @fontawesome - https:\/\/fontawesome.com License - https:\/\/fontawesome.com\/license\/free (Icons: CC BY 4.0, Fonts: SIL OFL 1.1, Code: MIT License) Copyright 2024 Fonticons, Inc. --><\/p>\n<h6 style=\"color: var(--tcb-skin-color-27) !important; --tcb-applied-color: var$(--tcb-skin-color-27) !important;\">\u00dczlet<\/h6>\n<p style=\"color: var(--tcb-skin-color-27) !important; --tcb-applied-color: var$(--tcb-skin-color-27) !important;\">Tiszt\u00e1bb k\u00f6z\u00f6s leveg\u0151 munkahelyen, irod\u00e1kban \u00e9s t\u00e1rgyal\u00f3kban.<\/p>\n<h6 style=\"color: var(--tcb-skin-color-27) !important; --tcb-applied-color: var$(--tcb-skin-color-27) !important;\">Vend\u00e9gl\u00e1t\u00e1s<\/h6>\n<p style=\"color: var(--tcb-skin-color-27) !important; --tcb-applied-color: var$(--tcb-skin-color-27) !important;\">Jobb belt\u00e9ri leveg\u0151higi\u00e9nia a vend\u00e9geknek \u00e9s a szem\u00e9lyzetnek is.<\/p>\n<p><!--! Font Awesome Free 6.7.1 by @fontawesome - https:\/\/fontawesome.com License - https:\/\/fontawesome.com\/license\/free (Icons: CC BY 4.0, Fonts: SIL OFL 1.1, Code: MIT License) Copyright 2024 Fonticons, Inc. --><\/p>\n<h6 style=\"color: var(--tcb-skin-color-27) !important; --tcb-applied-color: var$(--tcb-skin-color-27) !important;\">Industry<\/h6>\n<p style=\"color: var(--tcb-skin-color-27) !important; --tcb-applied-color: var$(--tcb-skin-color-27) !important;\">Folyamatos leveg\u0151kezel\u00e9s gy\u00e1rt\u00e1si-, \u00e9s szigor\u00faan szab\u00e1lyozott ter\u00fcleteken.<\/p>\n<h4 style=\"text-align: center; color: var(--tcb-skin-color-2) !important; --tcb-applied-color: var$(--tcb-skin-color-2) !important;\"><strong>VALID\u00c1CI\u00d3 \u00e9S SZABADALOM<\/strong><\/h4>\n<p><!--! Font Awesome Free 6.7.1 by @fontawesome - https:\/\/fontawesome.com License - https:\/\/fontawesome.com\/license\/free (Icons: CC BY 4.0, Fonts: SIL OFL 1.1, Code: MIT License) Copyright 2024 Fonticons, Inc. --><\/p>\n<p style=\"color: var(--tcb-skin-color-2) !important; --tcb-applied-color: var$(--tcb-skin-color-2) !important;\">Szab\u00e1lyozott laborat\u00f3riumi k\u00f6r\u00fclm\u00e9nyek k\u00f6z\u00f6tt elv\u00e9gzett virol\u00f3giai tesztekkel igazolt v\u00edrus-inaktiv\u00e1l\u00f3 hat\u00e1s.<\/p>\n<p style=\"color: var(--tcb-skin-color-2) !important; --tcb-applied-color: var$(--tcb-skin-color-2) !important;\">A TAC-30 k\u00e9sz\u00fcl\u00e9k CE-megfelel\u0151s\u00e9ggel, T\u00dcV Rheinland \u00e1ltal v\u00e9gzett vizsg\u00e1latokkal \u00e9s valid\u00e1l\u00e1ssal rendelkezik.<\/p>\n<p style=\"color: var(--tcb-skin-color-2) !important; --tcb-applied-color: var$(--tcb-skin-color-2) !important;\">A technol\u00f3gia <strong>nemzetk\u00f6zi szabadalmi oltalom <\/strong>alatt \u00e1ll.<\/p>\n<p><!--! Font Awesome Free 6.7.1 by @fontawesome - https:\/\/fontawesome.com License - https:\/\/fontawesome.com\/license\/free (Icons: CC BY 4.0, Fonts: SIL OFL 1.1, Code: MIT License) Copyright 2024 Fonticons, Inc. --><\/p>\n<p style=\"color: var(--tcb-skin-color-2) !important; --tcb-applied-color: var$(--tcb-skin-color-2) !important;\">A k\u00e9sz\u00fcl\u00e9k <strong>f<\/strong><strong>olyamatos, megb\u00edzhat\u00f3&nbsp;<\/strong>\u00fczemre van tervezve.<\/p>\n<p style=\"text-align: center; color: var(--tcb-skin-color-2) !important; --tcb-applied-color: var$(--tcb-skin-color-2) !important;\"><strong>A teszteredm\u00e9nyekr\u0151l, szabadalmakr\u00f3l \u00e9s t\u00f6bb r\u00e9szletes inform\u00e1ci\u00f3k\u00e9rt, k\u00e9rje a befektet\u0151i anyagainkat az al\u00e1bbi gombra kattintva:<\/strong><\/p>\n<h3 style=\"color: var(--tcb-skin-color-2) !important; --tcb-applied-color: var$(--tcb-skin-color-2) !important; text-align: center;\"><strong><strong><span lang=\"HU\" style=\"--tcb-applied-color: var$(--tcb-skin-color-2) !important;\">Partneri \u00e9s befektet\u0151i lehet\u0151s\u00e9gek<\/span><\/strong><\/strong><\/h3>\n<p style=\"\">Megkezdj\u00fck az egyeztet\u00e9seket strat\u00e9giai gy\u00e1rt\u00e1si \u00e9s disztrib\u00faci\u00f3s partnerekkel, illetve a bevezet\u00e9s k\u00f6vetkez\u0151 szakasz\u00e1t finansz\u00edroz\u00f3 <strong>befektet\u0151kkel<\/strong>.<\/p>\n<p><span><img decoding=\"async\" alt=\"Thermal Air Cleaner\" data-id=\"180\" width=\"1024\" data-init-width=\"1024\" height=\"1536\" data-init-height=\"1536\" title=\"TAC-30 deep-tech\" loading=\"lazy\" src=\"https:\/\/tac-innovations.com\/wp-content\/uploads\/2026\/03\/TAC-30-deep-tech.png\" data-width=\"1024\" data-height=\"1536\" style=\"aspect-ratio: auto 1024 \/ 1536;\"><\/span><\/p>\n<h4 style=\"text-align: center; color: var(--tcb-skin-color-2) !important; --tcb-applied-color: var$(--tcb-skin-color-2) !important;\"><strong>Befektet\u0151i anyag ig\u00e9nyl\u00e9se<\/strong><\/h4>\n<p style=\"text-align: center; color: var(--tcb-skin-color-2) !important; --tcb-applied-color: var$(--tcb-skin-color-2) !important;\">K\u00e9rj\u00fck, adja meg adatait; az \u00fczleti e-mail c\u00edm\u00e9t r\u00f6viden ellen\u0151rizz\u00fck, majd ezt k\u00f6vet\u0151en megk\u00fcldj\u00fck a befektet\u0151i anyagot.<\/p>\n","protected":false},"excerpt":{"rendered":"<p>Termikus leveg\u0151higi\u00e9niai technol\u00f3gia biztons\u00e1gosabb belt\u00e9rERI K\u00d6RNYEZETEKHEZ. Szabadalmazott megold\u00e1s a belt\u00e9ri terekben terjed\u0151 v\u00edrusok termikus inaktiv\u00e1l\u00e1s\u00e1ra Folyamatos \u00fczemre tervezve \u00fczleti \u00e9s int\u00e9zm\u00e9nyi k\u00f6rnyezetre,&nbsp;ahol a leveg\u0151min\u0151s\u00e9g KIEMELTEN FONTOS. TECHNOL\u00d3GIA M\u00c1S MEGK\u00d6ZEL\u00cdT\u00c9S A LEVEG\u0150HIGI\u00c9NI\u00c1BAN A TAC-30 szab\u00e1lyozott termikus elj\u00e1r\u00e1st alkalmaz a leveg\u0151ben terjed\u0151 v\u00edrusok hat\u00e9kony inaktiv\u00e1l\u00e1s\u00e1ra. Folyamatos leveg\u0151kezel\u00e9st biztos\u00edt eldobhat\u00f3 sz\u0171r\u0151k \u00e9s egy\u00e9b, rendszeresen cser\u00e9lend\u0151 alkatr\u00e9szek n\u00e9lk\u00fcl. A [&hellip;]<\/p>\n","protected":false},"author":2,"featured_media":0,"parent":0,"menu_order":0,"comment_status":"closed","ping_status":"closed","template":"","meta":{"footnotes":""},"class_list":["post-185","page","type-page","status-publish","hentry","post-wrapper","thrv_wrapper"],"_links":{"self":[{"href":"https:\/\/tac-innovations.com\/index.php?rest_route=\/wp\/v2\/pages\/185","targetHints":{"allow":["GET"]}}],"collection":[{"href":"https:\/\/tac-innovations.com\/index.php?rest_route=\/wp\/v2\/pages"}],"about":[{"href":"https:\/\/tac-innovations.com\/index.php?rest_route=\/wp\/v2\/types\/page"}],"author":[{"embeddable":true,"href":"https:\/\/tac-innovations.com\/index.php?rest_route=\/wp\/v2\/users\/2"}],"replies":[{"embeddable":true,"href":"https:\/\/tac-innovations.com\/index.php?rest_route=%2Fwp%2Fv2%2Fcomments&post=185"}],"version-history":[{"count":6,"href":"https:\/\/tac-innovations.com\/index.php?rest_route=\/wp\/v2\/pages\/185\/revisions"}],"predecessor-version":[{"id":200,"href":"https:\/\/tac-innovations.com\/index.php?rest_route=\/wp\/v2\/pages\/185\/revisions\/200"}],"wp:attachment":[{"href":"https:\/\/tac-innovations.com\/index.php?rest_route=%2Fwp%2Fv2%2Fmedia&parent=185"}],"curies":[{"name":"wp","href":"https:\/\/api.w.org\/{rel}","templated":true}]}}